{"id":1087,"date":"2021-11-17T16:16:22","date_gmt":"2021-11-18T00:16:22","guid":{"rendered":"https:\/\/youngandpretty.com\/sobre\/"},"modified":"2021-11-17T16:16:22","modified_gmt":"2021-11-18T00:16:22","slug":"sobre","status":"publish","type":"page","link":"https:\/\/youngandpretty.com\/es\/sobre\/","title":{"rendered":"SOBRE"},"content":{"rendered":"<h5 class=\"fusion-title title fusion-title-2 fusion-sep-none fusion-title-text fusion-title-size-five fusion-border-below-title\">Sobre el Dr. Nguyen<\/h5>\n<div class=\"fusion-text fusion-text-3\">\n<p>El Dr. Tuan H. Nguyen, DO, tambi\u00e9n conocido y llamado por los pacientes como Dr. \u201cWinn\u201d, tiene m\u00e1s de 18 a\u00f1os de experiencia ayudando a los pacientes a verse y sentirse hermosos. El Dr. \u201cWinn\u201d es un cirujano general y est\u00e9tico experto en el Centro de Cirug\u00eda Ambulatoria acreditado de Noble Care, ubicado en Westminster, California.<\/p>\n<p>Complet\u00f3 su licenciatura en la Universidad Polit\u00e9cnica del Estado de California en Pomona, California, y recibi\u00f3 un t\u00edtulo de Doctor en Medicina Osteop\u00e1tica (DO) en la Universidad de Medicina y Biociencias de Kansas City (anteriormente conocida como Universidad de Ciencias de la Salud &#8211; Facultad de Medicina Osteop\u00e1tica) en Kansas City, Misuri.<\/p>\n<p>El Dr. Nguyen complet\u00f3 su formaci\u00f3n en cirug\u00eda general en Weill Medical College of Cornell University &#8211; Wyckoff Heights Medical Center en Brooklyn, Nueva York. Tiene formaci\u00f3n adicional en cirug\u00eda colorrectal y mamaria del Memorial Sloan Kettering Cancer Center en la ciudad de Nueva York, y en cirug\u00eda est\u00e9tica de la Academia Estadounidense de Cirug\u00eda Cosm\u00e9tica.<\/p>\n<p>Reconocido cirujano pl\u00e1stico pl\u00e1stico, el Dr. Nguyen fue nombrado Profesional Destacado en el Registro Estadounidense de Profesionales Destacados 2002\/2003 por su dedicaci\u00f3n a su profesi\u00f3n, liderazgo y \u00e9xito. Como l\u00edder innovador en su campo, el Dr. Nguyen se apega a los m\u00e1s altos est\u00e1ndares \u00e9ticos y de calidad.<\/p>\n<p>Ya sea que los pacientes se sometan a una cirug\u00eda pl\u00e1stica facial, un trasplante de cabello, una cirug\u00eda de aumento de senos sin cicatrices, un contorno corporal \/ aumento corporal \/ flexi\u00f3n corporal, una terapia revolucionaria de rejuvenecimiento con c\u00e9lulas madre tanto para hombres como para mujeres, el Dr. Nguyen les ayuda a lograr los resultados deseados y supera las expectativas.<\/p>\n<\/div>\n","protected":false},"excerpt":{"rendered":"<p>Sobre el Dr. Nguyen El Dr. Tuan H. Nguyen, DO, [&hellip;]<\/p>\n","protected":false},"author":1,"featured_media":0,"parent":0,"menu_order":0,"comment_status":"closed","ping_status":"closed","template":"","meta":{"footnotes":""},"class_list":["post-1087","page","type-page","status-publish","hentry"],"_links":{"self":[{"href":"https:\/\/youngandpretty.com\/es\/wp-json\/wp\/v2\/pages\/1087","targetHints":{"allow":["GET"]}}],"collection":[{"href":"https:\/\/youngandpretty.com\/es\/wp-json\/wp\/v2\/pages"}],"about":[{"href":"https:\/\/youngandpretty.com\/es\/wp-json\/wp\/v2\/types\/page"}],"author":[{"embeddable":true,"href":"https:\/\/youngandpretty.com\/es\/wp-json\/wp\/v2\/users\/1"}],"replies":[{"embeddable":true,"href":"https:\/\/youngandpretty.com\/es\/wp-json\/wp\/v2\/comments?post=1087"}],"version-history":[{"count":0,"href":"https:\/\/youngandpretty.com\/es\/wp-json\/wp\/v2\/pages\/1087\/revisions"}],"wp:attachment":[{"href":"https:\/\/youngandpretty.com\/es\/wp-json\/wp\/v2\/media?parent=1087"}],"curies":[{"name":"wp","href":"https:\/\/api.w.org\/{rel}","templated":true}]}}