{"id":1433,"date":"2021-11-17T17:26:23","date_gmt":"2021-11-18T01:26:23","guid":{"rendered":"https:\/\/youngandpretty.com\/sua-chua-vu\/"},"modified":"2025-03-23T23:07:14","modified_gmt":"2025-03-24T07:07:14","slug":"sua-chua-vu","status":"publish","type":"page","link":"https:\/\/youngandpretty.com\/vi\/sua-chua-vu\/","title":{"rendered":"S\u1eecA CH\u1eeeA V\u00da"},"content":{"rendered":"<div class=\"fusion-fullwidth fullwidth-box fusion-builder-row-1 fusion-flex-container nonhundred-percent-fullwidth non-hundred-percent-height-scrolling\" style=\"background-color: rgba(255,255,255,0);background-position: center center;background-repeat: no-repeat;border-width: 0px 0px 0px 0px;border-color:#e2e2e2;border-style:solid;\" ><div class=\"fusion-builder-row fusion-row fusion-flex-align-items-flex-start\" style=\"max-width:1248px;margin-left: calc(-4% \/ 2 );margin-right: calc(-4% \/ 2 );\"><div class=\"fusion-layout-column fusion_builder_column fusion-builder-column-0 fusion_builder_column_1_1 1_1 fusion-flex-column\"><div class=\"fusion-column-wrapper fusion-flex-justify-content-flex-start fusion-content-layout-column fusion-content-nowrap\" style=\"background-position:left top;background-repeat:no-repeat;-webkit-background-size:cover;-moz-background-size:cover;-o-background-size:cover;background-size:cover;padding: 0px 0px 0px 0px;\"><div class=\"fusion-text fusion-text-1\"><h4 style=\"text-align: center;\"><strong><span style=\"color: #009999;\">S\u1eecA CH\u1eeeA V\u00da &#8220;KH\u00d4NG \u0110\u1ec0U&#8221;<\/span> <span style=\"color: #ff0000;\">(B\u00e1c s\u0129 kh\u00e1c l\u00e0m kh\u00f4ng t\u1ed1t)<\/span><\/strong><\/h4>\n<p><img decoding=\"async\" class=\"aligncenter size-full wp-image-480\" src=\"https:\/\/youngandpretty.com\/wp-content\/uploads\/2021\/02\/NCOSC_En-Breast-Donut-Lift_Implant-Augmentation-0_TITTLE.jpg\" alt=\"\" width=\"600\" height=\"27\" srcset=\"https:\/\/youngandpretty.com\/wp-content\/uploads\/2021\/02\/NCOSC_En-Breast-Donut-Lift_Implant-Augmentation-0_TITTLE-200x9.jpg 200w, https:\/\/youngandpretty.com\/wp-content\/uploads\/2021\/02\/NCOSC_En-Breast-Donut-Lift_Implant-Augmentation-0_TITTLE-300x14.jpg 300w, https:\/\/youngandpretty.com\/wp-content\/uploads\/2021\/02\/NCOSC_En-Breast-Donut-Lift_Implant-Augmentation-0_TITTLE-400x18.jpg 400w, https:\/\/youngandpretty.com\/wp-content\/uploads\/2021\/02\/NCOSC_En-Breast-Donut-Lift_Implant-Augmentation-0_TITTLE.jpg 600w\" sizes=\"(max-width: 600px) 100vw, 600px\" \/> <img decoding=\"async\" class=\"aligncenter size-full wp-image-2548\" src=\"https:\/\/youngandpretty.com\/wp-content\/uploads\/2025\/02\/012_NCOSC_EnEsVN_Repair_Breasts_1A_1Title.jpg\" alt=\"\" width=\"600\" height=\"83\" srcset=\"https:\/\/youngandpretty.com\/wp-content\/uploads\/2025\/02\/012_NCOSC_EnEsVN_Repair_Breasts_1A_1Title-200x28.jpg 200w, https:\/\/youngandpretty.com\/wp-content\/uploads\/2025\/02\/012_NCOSC_EnEsVN_Repair_Breasts_1A_1Title-300x42.jpg 300w, https:\/\/youngandpretty.com\/wp-content\/uploads\/2025\/02\/012_NCOSC_EnEsVN_Repair_Breasts_1A_1Title-400x55.jpg 400w, https:\/\/youngandpretty.com\/wp-content\/uploads\/2025\/02\/012_NCOSC_EnEsVN_Repair_Breasts_1A_1Title.jpg 600w\" sizes=\"(max-width: 600px) 100vw, 600px\" \/><\/p>\n<p><img decoding=\"async\" class=\"aligncenter size-full wp-image-2551\" src=\"https:\/\/youngandpretty.com\/wp-content\/uploads\/2025\/02\/012_NCOSC_EnEsVN_Repair_Breasts_1A_2BeforeAfter.jpg\" alt=\"\" width=\"600\" height=\"42\" srcset=\"https:\/\/youngandpretty.com\/wp-content\/uploads\/2025\/02\/012_NCOSC_EnEsVN_Repair_Breasts_1A_2BeforeAfter-200x14.jpg 200w, https:\/\/youngandpretty.com\/wp-content\/uploads\/2025\/02\/012_NCOSC_EnEsVN_Repair_Breasts_1A_2BeforeAfter-300x21.jpg 300w, https:\/\/youngandpretty.com\/wp-content\/uploads\/2025\/02\/012_NCOSC_EnEsVN_Repair_Breasts_1A_2BeforeAfter-400x28.jpg 400w, https:\/\/youngandpretty.com\/wp-content\/uploads\/2025\/02\/012_NCOSC_EnEsVN_Repair_Breasts_1A_2BeforeAfter.jpg 600w\" sizes=\"(max-width: 600px) 100vw, 600px\" \/><br \/>\n<img decoding=\"async\" class=\"aligncenter size-full wp-image-2937\" src=\"https:\/\/youngandpretty.com\/wp-content\/uploads\/2025\/03\/012_NCOSC_EnEsVN_Repair_Breasts_1A_3.jpg\" alt=\"\" width=\"600\" height=\"331\" \/><\/p>\n<p><img decoding=\"async\" class=\"aligncenter size-full wp-image-2551\" src=\"https:\/\/youngandpretty.com\/wp-content\/uploads\/2025\/02\/012_NCOSC_EnEsVN_Repair_Breasts_1A_2BeforeAfter.jpg\" alt=\"\" width=\"600\" height=\"42\" srcset=\"https:\/\/youngandpretty.com\/wp-content\/uploads\/2025\/02\/012_NCOSC_EnEsVN_Repair_Breasts_1A_2BeforeAfter-200x14.jpg 200w, https:\/\/youngandpretty.com\/wp-content\/uploads\/2025\/02\/012_NCOSC_EnEsVN_Repair_Breasts_1A_2BeforeAfter-300x21.jpg 300w, https:\/\/youngandpretty.com\/wp-content\/uploads\/2025\/02\/012_NCOSC_EnEsVN_Repair_Breasts_1A_2BeforeAfter-400x28.jpg 400w, https:\/\/youngandpretty.com\/wp-content\/uploads\/2025\/02\/012_NCOSC_EnEsVN_Repair_Breasts_1A_2BeforeAfter.jpg 600w\" sizes=\"(max-width: 600px) 100vw, 600px\" \/><br \/>\n<img decoding=\"async\" class=\"aligncenter size-full wp-image-2940\" src=\"https:\/\/youngandpretty.com\/wp-content\/uploads\/2025\/03\/012_NCOSC_EnEsVN_Repair_Breasts_1A_4.jpg\" alt=\"\" width=\"600\" height=\"335\" \/><\/p>\n<p><img decoding=\"async\" class=\"aligncenter size-full wp-image-2551\" src=\"https:\/\/youngandpretty.com\/wp-content\/uploads\/2025\/02\/012_NCOSC_EnEsVN_Repair_Breasts_1A_2BeforeAfter.jpg\" alt=\"\" width=\"600\" height=\"42\" srcset=\"https:\/\/youngandpretty.com\/wp-content\/uploads\/2025\/02\/012_NCOSC_EnEsVN_Repair_Breasts_1A_2BeforeAfter-200x14.jpg 200w, https:\/\/youngandpretty.com\/wp-content\/uploads\/2025\/02\/012_NCOSC_EnEsVN_Repair_Breasts_1A_2BeforeAfter-300x21.jpg 300w, https:\/\/youngandpretty.com\/wp-content\/uploads\/2025\/02\/012_NCOSC_EnEsVN_Repair_Breasts_1A_2BeforeAfter-400x28.jpg 400w, https:\/\/youngandpretty.com\/wp-content\/uploads\/2025\/02\/012_NCOSC_EnEsVN_Repair_Breasts_1A_2BeforeAfter.jpg 600w\" sizes=\"(max-width: 600px) 100vw, 600px\" \/><br \/>\n<img decoding=\"async\" class=\"aligncenter size-full wp-image-2943\" src=\"https:\/\/youngandpretty.com\/wp-content\/uploads\/2025\/03\/012_NCOSC_EnEsVN_Repair_Breasts_1B_5.jpg\" alt=\"\" width=\"600\" height=\"331\" \/><\/p>\n<\/div><div class=\"fusion-section-separator section-separator triangle fusion-section-separator-1\"><div class=\"fusion-section-separator-svg\" style=\"border-top:1px solid #e2e2e2;\"><div class=\"divider-candy-arrow top\" style=\"bottom:0px;border-bottom-color: #f9f9fb;\"><\/div><div class=\"divider-candy top\" style=\"top:-21px;border-bottom:1px solid #e2e2e2;border-left:1px solid #e2e2e2;\"><\/div><\/div><div class=\"fusion-section-separator-spacer\"><div class=\"fusion-section-separator-spacer-height\" style=\"height:1px;\"><\/div><\/div><style type=\"text\/css\">.fusion-section-separator-1 .fusion-section-separator-svg {margin-left:1.92%;margin-right:1.92%;}@media only screen and (max-width:1024px) {.fusion-section-separator-1 .fusion-section-separator-svg {margin-left:1.92%;margin-right:1.92%;}}@media only screen and (max-width:640px) {.fusion-section-separator-1 .fusion-section-separator-svg {margin-left:1.92%;margin-right:1.92%;}}<\/style><\/div><\/div><style type=\"text\/css\">.fusion-body .fusion-builder-column-0{width:100% !important;margin-top : 0px;margin-bottom : 0px;}.fusion-builder-column-0 > .fusion-column-wrapper {padding-top : 0px !important;padding-right : 0px !important;margin-right : 1.92%;padding-bottom : 0px !important;padding-left : 0px !important;margin-left : 1.92%;}@media only screen and (max-width:1024px) {.fusion-body .fusion-builder-column-0{width:100% !important;order : 0;}.fusion-builder-column-0 > .fusion-column-wrapper {margin-right : 1.92%;margin-left : 1.92%;}}@media only screen and (max-width:640px) {.fusion-body .fusion-builder-column-0{width:100% !important;order : 0;}.fusion-builder-column-0 > .fusion-column-wrapper {margin-right : 1.92%;margin-left : 1.92%;}}<\/style><\/div><\/div><style type=\"text\/css\">.fusion-body .fusion-flex-container.fusion-builder-row-1{ padding-top : 0px;margin-top : 0px;padding-right : 0px;padding-bottom : 0px;margin-bottom : 0px;padding-left : 0px;}<\/style><\/div>\n","protected":false},"excerpt":{"rendered":"","protected":false},"author":3,"featured_media":0,"parent":0,"menu_order":0,"comment_status":"closed","ping_status":"closed","template":"","meta":{"footnotes":""},"class_list":["post-1433","page","type-page","status-publish","hentry"],"_links":{"self":[{"href":"https:\/\/youngandpretty.com\/vi\/wp-json\/wp\/v2\/pages\/1433","targetHints":{"allow":["GET"]}}],"collection":[{"href":"https:\/\/youngandpretty.com\/vi\/wp-json\/wp\/v2\/pages"}],"about":[{"href":"https:\/\/youngandpretty.com\/vi\/wp-json\/wp\/v2\/types\/page"}],"author":[{"embeddable":true,"href":"https:\/\/youngandpretty.com\/vi\/wp-json\/wp\/v2\/users\/3"}],"replies":[{"embeddable":true,"href":"https:\/\/youngandpretty.com\/vi\/wp-json\/wp\/v2\/comments?post=1433"}],"version-history":[{"count":6,"href":"https:\/\/youngandpretty.com\/vi\/wp-json\/wp\/v2\/pages\/1433\/revisions"}],"predecessor-version":[{"id":1904,"href":"https:\/\/youngandpretty.com\/vi\/wp-json\/wp\/v2\/pages\/1433\/revisions\/1904"}],"wp:attachment":[{"href":"https:\/\/youngandpretty.com\/vi\/wp-json\/wp\/v2\/media?parent=1433"}],"curies":[{"name":"wp","href":"https:\/\/api.w.org\/{rel}","templated":true}]}}