{"id":2474,"date":"2023-03-08T18:04:38","date_gmt":"2023-03-09T02:04:38","guid":{"rendered":"https:\/\/youngandpretty.com\/huong-dan-lam-gi\/"},"modified":"2025-05-20T13:43:54","modified_gmt":"2025-05-20T21:43:54","slug":"huong-dan-lam-gi","status":"publish","type":"page","link":"https:\/\/youngandpretty.com\/vi\/huong-dan-lam-gi\/","title":{"rendered":"H\u01af\u1edaNG D\u1eaaN l\u00e0m g\u00ec"},"content":{"rendered":"<div class=\"fusion-fullwidth fullwidth-box fusion-builder-row-1 fusion-flex-container has-pattern-background has-mask-background nonhundred-percent-fullwidth non-hundred-percent-height-scrolling\" style=\"background-color: rgba(255,255,255,0);background-position: center center;background-repeat: no-repeat;border-width: 0px 0px 0px 0px;border-color:#e2e2e2;border-style:solid;\" ><div class=\"fusion-builder-row fusion-row fusion-flex-align-items-flex-start\" style=\"max-width:1248px;margin-left: calc(-4% \/ 2 );margin-right: calc(-4% \/ 2 );\"><div class=\"fusion-layout-column fusion_builder_column fusion-builder-column-0 fusion_builder_column_1_1 1_1 fusion-flex-column\"><div class=\"fusion-column-wrapper fusion-flex-justify-content-flex-start fusion-content-layout-column\" style=\"background-position:left top;background-repeat:no-repeat;-webkit-background-size:cover;-moz-background-size:cover;-o-background-size:cover;background-size:cover;padding: 0px 0px 0px 0px;\"><style type=\"text\/css\">@media only screen and (max-width:1024px) {.fusion-title.fusion-title-1{margin-top:10px!important; margin-right:0px!important;margin-bottom:15px!important;margin-left:0px!important;}}@media only screen and (max-width:640px) {.fusion-title.fusion-title-1{margin-top:10px!important; margin-right:0px!important;margin-bottom:10px!important; margin-left:0px!important;}}<\/style><div class=\"fusion-title title fusion-title-1 fusion-title-center fusion-title-text fusion-title-size-five\" style=\"margin-top:10px;margin-right:0px;margin-bottom:15px;margin-left:0px;\"><div class=\"title-sep-container title-sep-container-left\"><div class=\"title-sep sep-double sep-solid\" style=\"border-color:#e2e2e2;\"><\/div><\/div><span class=\"awb-title-spacer\"><\/span><h5 class=\"title-heading-center\" style=\"margin:0;\"><span style=\"color: #009999;\"><strong>H\u01af\u1edaNG D\u1eaaN H\u1eadu Ph\u1eabu<\/strong><\/span><\/h5><span class=\"awb-title-spacer\"><\/span><div class=\"title-sep-container title-sep-container-right\"><div class=\"title-sep sep-double sep-solid\" style=\"border-color:#e2e2e2;\"><\/div><\/div><\/div><div class=\"fusion-text fusion-text-1\"><h5 style=\"text-align: center;\"><strong>POST-OPERATIVE (After-Surgery) INSTRUCTIONS<\/strong><\/h5>\n<p><a href=\"https:\/\/youngandpretty.com\/wp-content\/uploads\/2025\/05\/NCOSC_Nausea-Vomiting-Post-Op-Instruction-EnEsVN.jpg\" target=\"_blank\" rel=\"noopener\"><strong><span style=\"color: #009999;\">NAUSEA \/ VOMITTING &#8211; After-Surgery INSTRUCTIONS <span style=\"color: #000000;\">(<\/span><span style=\"color: #00ff00;\">Click Here<span style=\"color: #000000;\">)<\/span><\/span><\/span><\/strong><\/a><br \/>\n<strong><a href=\"https:\/\/youngandpretty.com\/wp-content\/uploads\/2025\/05\/NCOSC_Nausea-Vomiting-Post-Op-Instruction-EnEsVN.jpg\" target=\"_blank\" rel=\"noopener\"><span style=\"color: #990000;\">N\u00c1USEAS\/V\u00d3MITOS &#8211; INSTRUCCIONES Despu\u00e9s de la Cirug\u00eda<\/span><\/a><br \/>\n<a href=\"https:\/\/youngandpretty.com\/wp-content\/uploads\/2025\/05\/NCOSC_Nausea-Vomiting-Post-Op-Instruction-EnEsVN.jpg\" target=\"_blank\" rel=\"noopener\"><span style=\"color: #0099ff;\">BU\u1ed2N N\u00d4N \/ \u00d3I M\u1eecA &#8211; H\u01af\u1edaNG D\u1eaaN H\u1eadu ph\u1eabu<\/span><\/a><br \/>\n<\/strong><\/p>\n<p style=\"text-align: center;\"><a href=\"https:\/\/youngandpretty.com\/wp-content\/uploads\/2025\/05\/NCOSC-PostOp-Swelling-Bruising.jpg\" target=\"_blank\" rel=\"noopener\"><strong><span style=\"color: #009999;\">SWELLING &amp; BRUISING &#8211; After-Surgery INSTRUCTIONS <span style=\"color: #000000;\">(<\/span><span style=\"color: #00ff00;\">Click Here<span style=\"color: #000000;\">)<\/span><\/span><\/span><br \/>\n<span style=\"color: #990000;\">INSTRUCCIONES para la HINCHAZ\u00d3N y MORETONES &#8211; Despu\u00e9s de la Cirug\u00eda<\/span><br \/>\n<span style=\"color: #0099ff;\">S\u01afNG &amp; B\u1ea6M T\u00cdM &#8211; H\u01af\u1edaNG D\u1eaaN H\u1eadu ph\u1eabu<\/span><\/strong><\/a><\/p>\n<p style=\"text-align: right;\"><a href=\"https:\/\/youngandpretty.com\/wp-content\/uploads\/2025\/05\/NCOSC-MEDICATIONS-INSTRUCTIONS-EnEsVN.jpg\" target=\"_blank\" rel=\"noopener\"><span style=\"color: #009999;\"><strong>INSTRUCTIONS for MEDICATIONS <span style=\"color: #000000;\">(<\/span><span style=\"color: #00ff00;\">Click Here<span style=\"color: #000000;\">)<\/span><\/span><\/strong><\/span><\/a><br \/>\n<a href=\"https:\/\/youngandpretty.com\/wp-content\/uploads\/2025\/05\/NCOSC-MEDICATIONS-INSTRUCTIONS-EnEsVN.jpg\" target=\"_blank\" rel=\"noopener\"><span style=\"color: #990000;\"><strong>INSTRUCCIONES PARA MEDICAMENTOS<\/strong><\/span><\/a><br \/>\n<a href=\"https:\/\/youngandpretty.com\/wp-content\/uploads\/2025\/05\/NCOSC-MEDICATIONS-INSTRUCTIONS-EnEsVN.jpg\" target=\"_blank\" rel=\"noopener\"><span style=\"color: #0099ff;\"><strong>H\u01af\u1edaNG D\u1eaaN D\u00d9NG THU\u1ed0C H\u1eadu ph\u1eabu<\/strong><\/span><\/a><\/p>\n<p><a href=\"https:\/\/youngandpretty.com\/wp-content\/uploads\/2025\/05\/NCOSC-PostOp-Eyelids-Eyebrows3.jpg\" target=\"_blank\" rel=\"noopener\"><strong><span style=\"color: #009999;\">Eyelids &amp; Eyebrows surgery &#8211; After-Surgery INSTRUCTIONS <span style=\"color: #00ff00;\">Click Here<\/span><br \/>\n<span style=\"color: #990000;\">INSTRUCCIONES Despu\u00e9s de la Cirug\u00eda de P\u00e1rpados y Cejas<\/span><br \/>\n<\/span><\/strong><\/a><strong><span style=\"color: #009999;\"><a href=\"https:\/\/youngandpretty.com\/wp-content\/uploads\/2025\/05\/NCOSC-PostOp-Eyelids-Eyebrows3.jpg\" target=\"_blank\" rel=\"noopener\"><span style=\"color: #0099ff;\">H\u01af\u1edaNG D\u1eaaN H\u1eadu ph\u1eabu M\u00ed M\u1eaft &amp; Ch\u00e2n M\u00e0y<\/span><\/a><br \/>\n<\/span><\/strong><\/p>\n<p style=\"text-align: center;\"><a href=\"https:\/\/youngandpretty.com\/wp-content\/uploads\/2025\/05\/NCOSC-PostOp-FaceLift_EnEsVN.jpg\" target=\"_blank\" rel=\"noopener\"><span style=\"color: #009999;\"><strong>FACELIFT &#8211; Discharge Instructions <span style=\"color: #000000;\">(<\/span><span style=\"color: #00ff00;\">Click Here<span style=\"color: #000000;\">)<\/span><\/span><\/strong><\/span><\/a><br \/>\n<a href=\"https:\/\/youngandpretty.com\/wp-content\/uploads\/2025\/05\/NCOSC-PostOp-FaceLift_EnEsVN.jpg\" target=\"_blank\" rel=\"noopener\"><span style=\"color: #990000;\"><strong>LEVANTAMIENTO DE CARA &#8211; INSTRUCCIONES Despu\u00e9s de la Cirug\u00eda<\/strong><\/span><\/a><br \/>\n<a href=\"https:\/\/youngandpretty.com\/wp-content\/uploads\/2025\/05\/NCOSC-PostOp-FaceLift_EnEsVN.jpg\" target=\"_blank\" rel=\"noopener\"><span style=\"color: #0099ff;\"><strong>C\u0102NG DA M\u1eb6T \u2013 H\u01af\u1edaNG D\u1eaaN H\u1eadu ph\u1eabu<\/strong><\/span><\/a><\/p>\n<\/div><\/div><style type=\"text\/css\">.fusion-body .fusion-builder-column-0{width:100% !important;margin-top : 0px;margin-bottom : 20px;}.fusion-builder-column-0 > .fusion-column-wrapper {padding-top : 0px !important;padding-right : 0px !important;margin-right : 1.92%;padding-bottom : 0px !important;padding-left : 0px !important;margin-left : 1.92%;}@media only screen and (max-width:1024px) {.fusion-body .fusion-builder-column-0{width:100% !important;order : 0;}.fusion-builder-column-0 > .fusion-column-wrapper {margin-right : 1.92%;margin-left : 1.92%;}}@media only screen and (max-width:640px) {.fusion-body .fusion-builder-column-0{width:100% !important;order : 0;}.fusion-builder-column-0 > .fusion-column-wrapper {margin-right : 1.92%;margin-left : 1.92%;}}<\/style><\/div><\/div><style type=\"text\/css\">.fusion-body .fusion-flex-container.fusion-builder-row-1{ padding-top : 0px;margin-top : 0px;padding-right : 0px;padding-bottom : 0px;margin-bottom : 0px;padding-left : 0px;}<\/style><\/div>\n","protected":false},"excerpt":{"rendered":"","protected":false},"author":1,"featured_media":0,"parent":0,"menu_order":0,"comment_status":"closed","ping_status":"closed","template":"","meta":{"footnotes":""},"class_list":["post-2474","page","type-page","status-publish","hentry"],"_links":{"self":[{"href":"https:\/\/youngandpretty.com\/vi\/wp-json\/wp\/v2\/pages\/2474","targetHints":{"allow":["GET"]}}],"collection":[{"href":"https:\/\/youngandpretty.com\/vi\/wp-json\/wp\/v2\/pages"}],"about":[{"href":"https:\/\/youngandpretty.com\/vi\/wp-json\/wp\/v2\/types\/page"}],"author":[{"embeddable":true,"href":"https:\/\/youngandpretty.com\/vi\/wp-json\/wp\/v2\/users\/1"}],"replies":[{"embeddable":true,"href":"https:\/\/youngandpretty.com\/vi\/wp-json\/wp\/v2\/comments?post=2474"}],"version-history":[{"count":0,"href":"https:\/\/youngandpretty.com\/vi\/wp-json\/wp\/v2\/pages\/2474\/revisions"}],"wp:attachment":[{"href":"https:\/\/youngandpretty.com\/vi\/wp-json\/wp\/v2\/media?parent=2474"}],"curies":[{"name":"wp","href":"https:\/\/api.w.org\/{rel}","templated":true}]}}