{"id":913,"date":"2021-11-17T15:55:54","date_gmt":"2021-11-17T23:55:54","guid":{"rendered":"https:\/\/youngandpretty.com\/rejuvenecimiento-vaginal\/"},"modified":"2021-11-17T15:56:26","modified_gmt":"2021-11-17T23:56:26","slug":"rejuvenecimiento-vaginal","status":"publish","type":"page","link":"https:\/\/youngandpretty.com\/es\/rejuvenecimiento-vaginal\/","title":{"rendered":"Rejuvenecimiento vaginal"},"content":{"rendered":"<div class=\"fusion-fullwidth fullwidth-box fusion-builder-row-1 fusion-flex-container nonhundred-percent-fullwidth non-hundred-percent-height-scrolling\" style=\"background-color: rgba(255,255,255,0);background-position: center center;background-repeat: no-repeat;border-width: 0px 0px 0px 0px;border-color:#e2e2e2;border-style:solid;\" ><div class=\"fusion-builder-row fusion-row fusion-flex-align-items-flex-start\" style=\"max-width:1248px;margin-left: calc(-4% \/ 2 );margin-right: calc(-4% \/ 2 );\"><div class=\"fusion-layout-column fusion_builder_column fusion-builder-column-0 fusion_builder_column_1_1 1_1 fusion-flex-column\"><div class=\"fusion-column-wrapper fusion-flex-justify-content-flex-start fusion-content-layout-column fusion-content-nowrap\" style=\"background-position:left top;background-repeat:no-repeat;-webkit-background-size:cover;-moz-background-size:cover;-o-background-size:cover;background-size:cover;padding: 0px 0px 0px 0px;\"><div class=\"fusion-text fusion-text-1\" style=\"color:#000000;\"><p><strong>El rejuvenecimiento vaginal tambi\u00e9n se conoce como estiramiento vaginal o vaginoplastia.<\/strong><\/p>\n<\/div><div ><span class=\" fusion-imageframe imageframe-none imageframe-1 hover-type-none\"><img decoding=\"async\" width=\"300\" height=\"289\" title=\"Noble Home 2 (6)\" src=\"https:\/\/youngandpretty.com\/wp-content\/uploads\/2021\/02\/Noble-Home-2-6-300x289.jpg\" alt class=\"img-responsive wp-image-777\" srcset=\"https:\/\/youngandpretty.com\/wp-content\/uploads\/2021\/02\/Noble-Home-2-6-200x193.jpg 200w, https:\/\/youngandpretty.com\/wp-content\/uploads\/2021\/02\/Noble-Home-2-6-400x385.jpg 400w, https:\/\/youngandpretty.com\/wp-content\/uploads\/2021\/02\/Noble-Home-2-6.jpg 433w\" sizes=\"(max-width: 640px) 100vw, 300px\" \/><\/span><\/div><div class=\"fusion-text fusion-text-2\" style=\"color:#00bcd4;\"><p style=\"text-align: left;\"><strong>El Dr. Tuan Nguyen y el equipo quir\u00fargico del Centro de Cirug\u00eda Ambulatoria de Noble Care han realizado toneladas de Labioplastia y Rejuvenecimiento Vaginal (tambi\u00e9n conocido como Estiramiento Vaginal o Vaginoplastia) con toneladas de pacientes satisfactorios. Lo que desconcert\u00f3 a nuestro equipo es que no pudimos decidir c\u00f3mo publicar im\u00e1genes aqu\u00ed para el p\u00fablico en general. Sin embargo, puede programar su consulta gratuita con el Dr. Nguyen y este asunto se puede discutir con usted en su consulta.<\/strong><\/p>\n<p style=\"text-align: center;\">Haga clic a continuaci\u00f3n para RESERVAR su CONSULTA GRATUITA a trav\u00e9s del calendario de Facebook.<\/p>\n<\/div><a class=\"fb-icon-element-1 fb-icon-element fontawesome-icon fa-facebook-f fab circle-yes fusion-link\" style=\"font-size:28.16px;line-height:56.32px;height:56.32px;width:56.32px;border-width:0px;border-radius:50% 50% 50% 50%;margin: 0px;\" href=\"https:\/\/www.facebook.com\/NCOSC\/\" aria-label=\"Link to https:\/\/www.facebook.com\/NCOSC\/\" target=\"_blank\" rel=\"noopener noreferrer\"><\/a><style>a.fb-icon-element.fontawesome-icon.fb-icon-element-1{ color: #4a9898; background-color: #efefef; border-color: #4a4e57;}a.fb-icon-element.fontawesome-icon.fb-icon-element-1:hover { color: #ffffff; background-color: #4a9898; border-color: #4a9898;}a.fb-icon-element.fontawesome-icon.fb-icon-element-1{ align-self:center;}<\/style><\/div><style type=\"text\/css\">.fusion-body .fusion-builder-column-0{width:100% !important;margin-top : 0px;margin-bottom : 0px;}.fusion-builder-column-0 > .fusion-column-wrapper {padding-top : 0px !important;padding-right : 0px !important;margin-right : 1.92%;padding-bottom : 0px !important;padding-left : 0px !important;margin-left : 1.92%;}@media only screen and (max-width:1024px) {.fusion-body .fusion-builder-column-0{width:100% !important;order : 0;}.fusion-builder-column-0 > .fusion-column-wrapper {margin-right : 1.92%;margin-left : 1.92%;}}@media only screen and (max-width:640px) {.fusion-body .fusion-builder-column-0{width:100% !important;order : 0;}.fusion-builder-column-0 > .fusion-column-wrapper {margin-right : 1.92%;margin-left : 1.92%;}}<\/style><\/div><\/div><style type=\"text\/css\">.fusion-body .fusion-flex-container.fusion-builder-row-1{ padding-top : 0px;margin-top : 0px;padding-right : 0px;padding-bottom : 0px;margin-bottom : 0px;padding-left : 0px;}<\/style><\/div>\n","protected":false},"excerpt":{"rendered":"","protected":false},"author":3,"featured_media":0,"parent":0,"menu_order":0,"comment_status":"closed","ping_status":"closed","template":"","meta":{"footnotes":""},"class_list":["post-913","page","type-page","status-publish","hentry"],"_links":{"self":[{"href":"https:\/\/youngandpretty.com\/es\/wp-json\/wp\/v2\/pages\/913","targetHints":{"allow":["GET"]}}],"collection":[{"href":"https:\/\/youngandpretty.com\/es\/wp-json\/wp\/v2\/pages"}],"about":[{"href":"https:\/\/youngandpretty.com\/es\/wp-json\/wp\/v2\/types\/page"}],"author":[{"embeddable":true,"href":"https:\/\/youngandpretty.com\/es\/wp-json\/wp\/v2\/users\/3"}],"replies":[{"embeddable":true,"href":"https:\/\/youngandpretty.com\/es\/wp-json\/wp\/v2\/comments?post=913"}],"version-history":[{"count":9,"href":"https:\/\/youngandpretty.com\/es\/wp-json\/wp\/v2\/pages\/913\/revisions"}],"predecessor-version":[{"id":1002,"href":"https:\/\/youngandpretty.com\/es\/wp-json\/wp\/v2\/pages\/913\/revisions\/1002"}],"wp:attachment":[{"href":"https:\/\/youngandpretty.com\/es\/wp-json\/wp\/v2\/media?parent=913"}],"curies":[{"name":"wp","href":"https:\/\/api.w.org\/{rel}","templated":true}]}}