{"id":1370,"date":"2021-11-17T17:26:04","date_gmt":"2021-11-18T01:26:04","guid":{"rendered":"https:\/\/youngandpretty.com\/phau-thuat-tham-my-nam\/"},"modified":"2021-11-18T23:42:23","modified_gmt":"2021-11-19T07:42:23","slug":"phau-thuat-tham-my-nam","status":"publish","type":"page","link":"https:\/\/youngandpretty.com\/vi\/phau-thuat-tham-my-nam\/","title":{"rendered":"Ph\u1eabu thu\u1eadt th\u1ea9m m\u1ef9 nam"},"content":{"rendered":"<p><div class=\"fusion-fullwidth fullwidth-box fusion-builder-row-1 fusion-flex-container nonhundred-percent-fullwidth non-hundred-percent-height-scrolling\" style=\"background-color: rgba(255,255,255,0);background-position: center center;background-repeat: no-repeat;border-width: 0px 0px 0px 0px;border-color:#e2e2e2;border-style:solid;\" ><div class=\"fusion-builder-row fusion-row fusion-flex-align-items-flex-start\" style=\"max-width:1248px;margin-left: calc(-4% \/ 2 );margin-right: calc(-4% \/ 2 );\"><div class=\"fusion-layout-column fusion_builder_column fusion-builder-column-0 fusion_builder_column_1_1 1_1 fusion-flex-column\"><div class=\"fusion-column-wrapper fusion-flex-justify-content-flex-start fusion-content-layout-column fusion-content-nowrap\" style=\"background-position:left top;background-repeat:no-repeat;-webkit-background-size:cover;-moz-background-size:cover;-o-background-size:cover;background-size:cover;padding: 0px 0px 0px 0px;\"><div ><span class=\" fusion-imageframe imageframe-none imageframe-1 hover-type-none\"><img decoding=\"async\" width=\"330\" height=\"431\" title=\"Noble Home 2 (7)\" src=\"https:\/\/youngandpretty.com\/wp-content\/uploads\/2021\/02\/Noble-Home-2-7.jpg\" alt class=\"img-responsive wp-image-1206\" srcset=\"https:\/\/youngandpretty.com\/wp-content\/uploads\/2021\/02\/Noble-Home-2-7-200x261.jpg 200w, https:\/\/youngandpretty.com\/wp-content\/uploads\/2021\/02\/Noble-Home-2-7.jpg 330w\" sizes=\"(max-width: 640px) 100vw, 330px\" \/><\/span><\/div><div class=\"fusion-text fusion-text-1\"><p>H\u1ea7u h\u1ebft nh\u1eefng ng\u01b0\u1eddi \u0111\u00e0n \u00f4ng th\u00e0nh c\u00f4ng \u0111\u1ec1u tham gia v\u00e0o c\u00e1c ca ph\u1eabu thu\u1eadt th\u1ea9m m\u1ef9 nam gi\u1edbi, t\u1eeb Tr\u1ebb h\u00f3a m\u00ed m\u1eaft, Tr\u1ebb h\u00f3a da m\u1eb7t b\u1eb1ng C\u0103ng da m\u1eb7t \/ C\u0103ng da c\u1ed5, C\u0103ng da th\u00e1i d\u01b0\u01a1ng, C\u0103ng da tr\u00e1n, Th\u1ea9m m\u1ef9 m\u0169i, N\u00e2ng s\u1ed1ng m\u0169i, N\u00e2ng \u0111\u1ed9n c\u1eb1m, T\u1ea1o h\u00ecnh c\u01a1 th\u1ec3, H\u00fat M\u1ee1, v\u00e0 C\u1ea5y t\u00f3c.<\/p>\n<\/div><\/div><style type=\"text\/css\">.fusion-body .fusion-builder-column-0{width:100% !important;margin-top : 0px;margin-bottom : 0px;}.fusion-builder-column-0 > .fusion-column-wrapper {padding-top : 0px !important;padding-right : 0px !important;margin-right : 1.92%;padding-bottom : 0px !important;padding-left : 0px !important;margin-left : 1.92%;}@media only screen and (max-width:1024px) {.fusion-body .fusion-builder-column-0{width:100% !important;order : 0;}.fusion-builder-column-0 > .fusion-column-wrapper {margin-right : 1.92%;margin-left : 1.92%;}}@media only screen and (max-width:640px) {.fusion-body .fusion-builder-column-0{width:100% !important;order : 0;}.fusion-builder-column-0 > .fusion-column-wrapper {margin-right : 1.92%;margin-left : 1.92%;}}<\/style><\/div><\/div><style type=\"text\/css\">.fusion-body .fusion-flex-container.fusion-builder-row-1{ padding-top : 0px;margin-top : 0px;padding-right : 0px;padding-bottom : 0px;margin-bottom : 0px;padding-left : 0px;}<\/style><\/div><div class=\"fusion-fullwidth fullwidth-box fusion-builder-row-2 fusion-flex-container nonhundred-percent-fullwidth non-hundred-percent-height-scrolling\" style=\"background-color: rgba(255,255,255,0);background-position: center center;background-repeat: no-repeat;border-width: 0px 0px 0px 0px;border-color:#e2e2e2;border-style:solid;\" ><div class=\"fusion-builder-row fusion-row fusion-flex-align-items-flex-start\" style=\"max-width:1248px;margin-left: calc(-4% \/ 2 );margin-right: calc(-4% \/ 2 );\"><div class=\"fusion-layout-column fusion_builder_column fusion-builder-column-1 fusion_builder_column_1_1 1_1 fusion-flex-column\"><div class=\"fusion-column-wrapper fusion-flex-justify-content-flex-start fusion-content-layout-column fusion-content-nowrap\" style=\"background-position:left top;background-repeat:no-repeat;-webkit-background-size:cover;-moz-background-size:cover;-o-background-size:cover;background-size:cover;padding: 0px 0px 0px 0px;\"><style type=\"text\/css\">@media only screen and (max-width:1024px) {.fusion-title.fusion-title-1{margin-top:10px!important; margin-right:0px!important;margin-bottom:15px!important;margin-left:0px!important;}}@media only screen and (max-width:640px) {.fusion-title.fusion-title-1{margin-top:10px!important; margin-right:0px!important;margin-bottom:10px!important; margin-left:0px!important;}}<\/style><div class=\"fusion-title title fusion-title-1 fusion-title-center fusion-title-text fusion-title-size-five\" style=\"margin-top:10px;margin-right:0px;margin-bottom:15px;margin-left:0px;\"><div class=\"title-sep-container title-sep-container-left\"><div class=\"title-sep sep-double sep-solid\" style=\"border-color:#e2e2e2;\"><\/div><\/div><span class=\"awb-title-spacer\"><\/span><h5 class=\"title-heading-center\" style=\"margin:0;\"><p>C\u1eaeT M\u1eaeT M\u00cd D\u01af\u1edaI<br \/>\nC\u1eaft &amp; Tr\u1ebb H\u00f3a M\u00ed M\u1eaft D\u01b0\u1edbi<\/p><\/h5><span class=\"awb-title-spacer\"><\/span><div class=\"title-sep-container title-sep-container-right\"><div class=\"title-sep sep-double sep-solid\" style=\"border-color:#e2e2e2;\"><\/div><\/div><\/div><div style=\"text-align:center;\"><span class=\" fusion-imageframe imageframe-none imageframe-2 hover-type-none\"><img decoding=\"async\" width=\"600\" height=\"38\" title=\"NCOSC_EnEsVN-LowerBleph011_EYE-COVERED0_TITTLE\" src=\"https:\/\/youngandpretty.com\/wp-content\/uploads\/2021\/02\/NCOSC_EnEsVN-LowerBleph011_EYE-COVERED0_TITTLE.jpg\" alt class=\"img-responsive wp-image-1266\" srcset=\"https:\/\/youngandpretty.com\/wp-content\/uploads\/2021\/02\/NCOSC_EnEsVN-LowerBleph011_EYE-COVERED0_TITTLE-200x13.jpg 200w, https:\/\/youngandpretty.com\/wp-content\/uploads\/2021\/02\/NCOSC_EnEsVN-LowerBleph011_EYE-COVERED0_TITTLE-400x25.jpg 400w, https:\/\/youngandpretty.com\/wp-content\/uploads\/2021\/02\/NCOSC_EnEsVN-LowerBleph011_EYE-COVERED0_TITTLE.jpg 600w\" sizes=\"(max-width: 640px) 100vw, 600px\" \/><\/span><\/div><div style=\"text-align:center;\"><span class=\" fusion-imageframe imageframe-none imageframe-3 hover-type-none\"><img decoding=\"async\" width=\"600\" height=\"349\" title=\"NCOSC_EnEsVN-LowerBleph011_EYE-COVERED.psd\" src=\"https:\/\/youngandpretty.com\/wp-content\/uploads\/2021\/02\/NCOSC_EnEsVN-LowerBleph011_EYE-COVERED1.jpg\" alt class=\"img-responsive wp-image-1267\" srcset=\"https:\/\/youngandpretty.com\/wp-content\/uploads\/2021\/02\/NCOSC_EnEsVN-LowerBleph011_EYE-COVERED1-200x116.jpg 200w, https:\/\/youngandpretty.com\/wp-content\/uploads\/2021\/02\/NCOSC_EnEsVN-LowerBleph011_EYE-COVERED1-400x233.jpg 400w, https:\/\/youngandpretty.com\/wp-content\/uploads\/2021\/02\/NCOSC_EnEsVN-LowerBleph011_EYE-COVERED1.jpg 600w\" sizes=\"(max-width: 640px) 100vw, 600px\" \/><\/span><\/div><div style=\"text-align:center;\"><span class=\" fusion-imageframe imageframe-none imageframe-4 hover-type-none\"><img decoding=\"async\" width=\"600\" height=\"349\" title=\"NCOSC_EnEsVN-LowerBleph011_EYE-COVERED.psd\" src=\"https:\/\/youngandpretty.com\/wp-content\/uploads\/2021\/02\/NCOSC_EnEsVN-LowerBleph011_EYE-COVERED2.jpg\" alt class=\"img-responsive wp-image-1268\" srcset=\"https:\/\/youngandpretty.com\/wp-content\/uploads\/2021\/02\/NCOSC_EnEsVN-LowerBleph011_EYE-COVERED2-200x116.jpg 200w, https:\/\/youngandpretty.com\/wp-content\/uploads\/2021\/02\/NCOSC_EnEsVN-LowerBleph011_EYE-COVERED2-400x233.jpg 400w, https:\/\/youngandpretty.com\/wp-content\/uploads\/2021\/02\/NCOSC_EnEsVN-LowerBleph011_EYE-COVERED2.jpg 600w\" sizes=\"(max-width: 640px) 100vw, 600px\" \/><\/span><\/div><div style=\"text-align:center;\"><span class=\" fusion-imageframe imageframe-none imageframe-5 hover-type-none\"><img decoding=\"async\" width=\"600\" height=\"349\" title=\"NCOSC_EnEsVN_LowerBleph012_EYE-COVERED.psd\" src=\"https:\/\/youngandpretty.com\/wp-content\/uploads\/2021\/02\/NCOSC_EnEsVN-LowerBleph011_EYE-COVERED3.jpg\" alt class=\"img-responsive wp-image-1269\" srcset=\"https:\/\/youngandpretty.com\/wp-content\/uploads\/2021\/02\/NCOSC_EnEsVN-LowerBleph011_EYE-COVERED3-200x116.jpg 200w, https:\/\/youngandpretty.com\/wp-content\/uploads\/2021\/02\/NCOSC_EnEsVN-LowerBleph011_EYE-COVERED3-400x233.jpg 400w, https:\/\/youngandpretty.com\/wp-content\/uploads\/2021\/02\/NCOSC_EnEsVN-LowerBleph011_EYE-COVERED3.jpg 600w\" sizes=\"(max-width: 640px) 100vw, 600px\" \/><\/span><\/div><div class=\"fusion-section-separator section-separator horizon fusion-section-separator-1\"><div class=\"fusion-section-separator-svg\" style=\"font-size:0;line-height:0;\"><svg class=\"fusion-horizon-candy\" fill=\"#607d8b\" xmlns=\"http:\/\/www.w3.org\/2000\/svg\" version=\"1.1\" width=\"100%\" viewBox=\"0 -0.5 1024 178\" preserveAspectRatio=\"none\" fill=\"rgba(96,125,139,1)\"><path class=\"st0\" d=\"M1024 177.371H0V.219l507.699 133.939L1024 .219v177.152z\"\/>\n\t\t\t\t\t\t\t\t\t<path class=\"st1\" d=\"M1024 177.781H0V39.438l507.699 94.925L1024 39.438v138.343z\"\/>\n\t\t\t\t\t\t\t\t\t<path class=\"st2\" d=\"M1024 177.781H0v-67.892l507.699 24.474L1024 109.889v67.892z\"\/>\n\t\t\t\t\t\t\t\t\t<path class=\"st3\" d=\"M1024 177.781H0v-3.891l507.699-39.526L1024 173.889v3.892z\"\/>\n\t\t\t\t\t\t\t\t<\/svg><\/div><div class=\"fusion-section-separator-spacer\"><div class=\"fusion-section-separator-spacer-height\" style=\"padding-top:17.3828125%;\"><\/div><\/div><style type=\"text\/css\">.fusion-section-separator-1 .fusion-section-separator-svg {margin-left:1.92%;margin-right:1.92%;}@media only screen and (max-width:1024px) {.fusion-section-separator-1 .fusion-section-separator-svg {margin-left:1.92%;margin-right:1.92%;}}@media only screen and (max-width:640px) {.fusion-section-separator-1 .fusion-section-separator-svg {margin-left:1.92%;margin-right:1.92%;}}<\/style><\/div><\/div><style type=\"text\/css\">.fusion-body .fusion-builder-column-1{width:100% !important;margin-top : 0px;margin-bottom : 0px;}.fusion-builder-column-1 > .fusion-column-wrapper {padding-top : 0px !important;padding-right : 0px !important;margin-right : 1.92%;padding-bottom : 0px !important;padding-left : 0px !important;margin-left : 1.92%;}@media only screen and (max-width:1024px) {.fusion-body .fusion-builder-column-1{width:100% !important;order : 0;}.fusion-builder-column-1 > .fusion-column-wrapper {margin-right : 1.92%;margin-left : 1.92%;}}@media only screen and (max-width:640px) {.fusion-body .fusion-builder-column-1{width:100% !important;order : 0;}.fusion-builder-column-1 > .fusion-column-wrapper {margin-right : 1.92%;margin-left : 1.92%;}}<\/style><\/div><\/div><style type=\"text\/css\">.fusion-body .fusion-flex-container.fusion-builder-row-2{ padding-top : 0px;margin-top : 0px;padding-right : 0px;padding-bottom : 0px;margin-bottom : 0px;padding-left : 0px;}<\/style><\/div><div class=\"fusion-fullwidth fullwidth-box fusion-builder-row-3 fusion-flex-container nonhundred-percent-fullwidth non-hundred-percent-height-scrolling\" style=\"background-color: rgba(255,255,255,0);background-position: center center;background-repeat: no-repeat;border-width: 0px 0px 0px 0px;border-color:#e2e2e2;border-style:solid;\" ><div class=\"fusion-builder-row fusion-row fusion-flex-align-items-flex-start\" style=\"max-width:1248px;margin-left: calc(-4% \/ 2 );margin-right: calc(-4% \/ 2 );\"><div class=\"fusion-layout-column fusion_builder_column fusion-builder-column-2 fusion_builder_column_1_1 1_1 fusion-flex-column\"><div class=\"fusion-column-wrapper fusion-flex-justify-content-flex-start fusion-content-layout-column fusion-content-nowrap\" style=\"background-position:left top;background-repeat:no-repeat;-webkit-background-size:cover;-moz-background-size:cover;-o-background-size:cover;background-size:cover;padding: 0px 0px 0px 0px;\"><style type=\"text\/css\">@media only screen and (max-width:1024px) {.fusion-title.fusion-title-2{margin-top:10px!important; margin-right:0px!important;margin-bottom:15px!important;margin-left:0px!important;}}@media only screen and (max-width:640px) {.fusion-title.fusion-title-2{margin-top:10px!important; margin-right:0px!important;margin-bottom:10px!important; margin-left:0px!important;}}<\/style><div class=\"fusion-title title fusion-title-2 fusion-title-center fusion-title-text fusion-title-size-four\" style=\"margin-top:10px;margin-right:0px;margin-bottom:15px;margin-left:0px;\"><div class=\"title-sep-container title-sep-container-left\"><div class=\"title-sep sep-double sep-solid\" style=\"border-color:#e2e2e2;\"><\/div><\/div><span class=\"awb-title-spacer\"><\/span><h4 class=\"title-heading-center\" style=\"margin:0;\">N\u00c2NG \u0110\u1ed8N C\u1eb0M<\/h4><span class=\"awb-title-spacer\"><\/span><div class=\"title-sep-container title-sep-container-right\"><div class=\"title-sep sep-double sep-solid\" style=\"border-color:#e2e2e2;\"><\/div><\/div><\/div><div class=\"fusion-text fusion-text-2\"><p style=\"text-align: center;\">cho c\u1eb1m y\u1ebfu, c\u1eb1m l\u1eb9m<\/p>\n<\/div><div style=\"text-align:center;\"><span class=\" fusion-imageframe imageframe-none imageframe-6 hover-type-none\"><img decoding=\"async\" src=\"https:\/\/youngandpretty.com\/wp-content\/uploads\/2021\/02\/NCOSC_Chin-Implant-1A.jpg\" alt class=\"img-responsive\"\/><\/span><\/div><div style=\"text-align:center;\"><span class=\" fusion-imageframe imageframe-none imageframe-7 hover-type-none\"><img decoding=\"async\" width=\"600\" height=\"659\" title=\"NCOSC_Chin-Implant-1B\" src=\"https:\/\/youngandpretty.com\/wp-content\/uploads\/2021\/02\/NCOSC_Chin-Implant-1B-1.jpg\" alt class=\"img-responsive wp-image-1296\" srcset=\"https:\/\/youngandpretty.com\/wp-content\/uploads\/2021\/02\/NCOSC_Chin-Implant-1B-1-200x220.jpg 200w, https:\/\/youngandpretty.com\/wp-content\/uploads\/2021\/02\/NCOSC_Chin-Implant-1B-1-400x439.jpg 400w, https:\/\/youngandpretty.com\/wp-content\/uploads\/2021\/02\/NCOSC_Chin-Implant-1B-1.jpg 600w\" sizes=\"(max-width: 640px) 100vw, 600px\" \/><\/span><\/div><div class=\"fusion-section-separator section-separator horizon fusion-section-separator-2\"><div class=\"fusion-section-separator-svg\" style=\"font-size:0;line-height:0;\"><svg class=\"fusion-horizon-candy\" fill=\"#607d8b\" xmlns=\"http:\/\/www.w3.org\/2000\/svg\" version=\"1.1\" width=\"100%\" viewBox=\"0 -0.5 1024 178\" preserveAspectRatio=\"none\" fill=\"rgba(96,125,139,1)\"><path class=\"st0\" d=\"M1024 177.371H0V.219l507.699 133.939L1024 .219v177.152z\"\/>\n\t\t\t\t\t\t\t\t\t<path class=\"st1\" d=\"M1024 177.781H0V39.438l507.699 94.925L1024 39.438v138.343z\"\/>\n\t\t\t\t\t\t\t\t\t<path class=\"st2\" d=\"M1024 177.781H0v-67.892l507.699 24.474L1024 109.889v67.892z\"\/>\n\t\t\t\t\t\t\t\t\t<path class=\"st3\" d=\"M1024 177.781H0v-3.891l507.699-39.526L1024 173.889v3.892z\"\/>\n\t\t\t\t\t\t\t\t<\/svg><\/div><div class=\"fusion-section-separator-spacer\"><div class=\"fusion-section-separator-spacer-height\" style=\"padding-top:17.3828125%;\"><\/div><\/div><style type=\"text\/css\">.fusion-section-separator-2 .fusion-section-separator-svg {margin-left:1.92%;margin-right:1.92%;}@media only screen and (max-width:1024px) {.fusion-section-separator-2 .fusion-section-separator-svg {margin-left:1.92%;margin-right:1.92%;}}@media only screen and (max-width:640px) {.fusion-section-separator-2 .fusion-section-separator-svg {margin-left:1.92%;margin-right:1.92%;}}<\/style><\/div><\/div><style type=\"text\/css\">.fusion-body .fusion-builder-column-2{width:100% !important;margin-top : 0px;margin-bottom : 0px;}.fusion-builder-column-2 > .fusion-column-wrapper {padding-top : 0px !important;padding-right : 0px !important;margin-right : 1.92%;padding-bottom : 0px !important;padding-left : 0px !important;margin-left : 1.92%;}@media only screen and (max-width:1024px) {.fusion-body .fusion-builder-column-2{width:100% !important;order : 0;}.fusion-builder-column-2 > .fusion-column-wrapper {margin-right : 1.92%;margin-left : 1.92%;}}@media only screen and (max-width:640px) {.fusion-body .fusion-builder-column-2{width:100% !important;order : 0;}.fusion-builder-column-2 > .fusion-column-wrapper {margin-right : 1.92%;margin-left : 1.92%;}}<\/style><\/div><\/div><style type=\"text\/css\">.fusion-body .fusion-flex-container.fusion-builder-row-3{ padding-top : 0px;margin-top : 0px;padding-right : 0px;padding-bottom : 0px;margin-bottom : 0px;padding-left : 0px;}<\/style><\/div><div class=\"fusion-fullwidth fullwidth-box fusion-builder-row-4 fusion-flex-container nonhundred-percent-fullwidth non-hundred-percent-height-scrolling\" style=\"background-color: rgba(255,255,255,0);background-position: center center;background-repeat: no-repeat;border-width: 0px 0px 0px 0px;border-color:#e2e2e2;border-style:solid;\" ><div class=\"fusion-builder-row fusion-row fusion-flex-align-items-flex-start\" style=\"max-width:1248px;margin-left: calc(-4% \/ 2 );margin-right: calc(-4% \/ 2 );\"><div class=\"fusion-layout-column fusion_builder_column fusion-builder-column-3 fusion_builder_column_1_1 1_1 fusion-flex-column\"><div class=\"fusion-column-wrapper fusion-flex-justify-content-flex-start fusion-content-layout-column\" style=\"background-position:left top;background-repeat:no-repeat;-webkit-background-size:cover;-moz-background-size:cover;-o-background-size:cover;background-size:cover;padding: 0px 0px 0px 0px;\"><div style=\"text-align:center;\"><span class=\" fusion-imageframe imageframe-none imageframe-8 hover-type-none\"><img decoding=\"async\" width=\"100\" height=\"100\" title=\"V\u1eaaN\" src=\"https:\/\/youngandpretty.com\/wp-content\/uploads\/2021\/02\/STILLUND.gif\" alt class=\"img-responsive wp-image-1218\" srcset=\"https:\/\/youngandpretty.com\/wp-content\/uploads\/2021\/02\/STILLUND-66x66.gif 66w, https:\/\/youngandpretty.com\/wp-content\/uploads\/2021\/02\/STILLUND.gif 100w\" sizes=\"(max-width: 100px) 100vw, 100px\" \/><\/span><\/div><\/div><style type=\"text\/css\">.fusion-body .fusion-builder-column-3{width:100% !important;margin-top : 0px;margin-bottom : 20px;}.fusion-builder-column-3 > .fusion-column-wrapper {padding-top : 0px !important;padding-right : 0px !important;margin-right : 1.92%;padding-bottom : 0px !important;padding-left : 0px !important;margin-left : 1.92%;}@media only screen and (max-width:1024px) {.fusion-body .fusion-builder-column-3{width:100% !important;order : 0;}.fusion-builder-column-3 > .fusion-column-wrapper {margin-right : 1.92%;margin-left : 1.92%;}}@media only screen and (max-width:640px) {.fusion-body .fusion-builder-column-3{width:100% !important;order : 0;}.fusion-builder-column-3 > .fusion-column-wrapper {margin-right : 1.92%;margin-left : 1.92%;}}<\/style><\/div><\/div><style type=\"text\/css\">.fusion-body .fusion-flex-container.fusion-builder-row-4{ padding-top : 0px;margin-top : 0px;padding-right : 0px;padding-bottom : 0px;margin-bottom : 0px;padding-left : 0px;}<\/style><\/div><\/p>\n","protected":false},"excerpt":{"rendered":"","protected":false},"author":3,"featured_media":0,"parent":0,"menu_order":0,"comment_status":"closed","ping_status":"closed","template":"","meta":{"footnotes":""},"class_list":["post-1370","page","type-page","status-publish","hentry"],"_links":{"self":[{"href":"https:\/\/youngandpretty.com\/vi\/wp-json\/wp\/v2\/pages\/1370","targetHints":{"allow":["GET"]}}],"collection":[{"href":"https:\/\/youngandpretty.com\/vi\/wp-json\/wp\/v2\/pages"}],"about":[{"href":"https:\/\/youngandpretty.com\/vi\/wp-json\/wp\/v2\/types\/page"}],"author":[{"embeddable":true,"href":"https:\/\/youngandpretty.com\/vi\/wp-json\/wp\/v2\/users\/3"}],"replies":[{"embeddable":true,"href":"https:\/\/youngandpretty.com\/vi\/wp-json\/wp\/v2\/comments?post=1370"}],"version-history":[{"count":6,"href":"https:\/\/youngandpretty.com\/vi\/wp-json\/wp\/v2\/pages\/1370\/revisions"}],"predecessor-version":[{"id":1940,"href":"https:\/\/youngandpretty.com\/vi\/wp-json\/wp\/v2\/pages\/1370\/revisions\/1940"}],"wp:attachment":[{"href":"https:\/\/youngandpretty.com\/vi\/wp-json\/wp\/v2\/media?parent=1370"}],"curies":[{"name":"wp","href":"https:\/\/api.w.org\/{rel}","templated":true}]}}