{"id":1405,"date":"2021-11-17T17:26:14","date_gmt":"2021-11-18T01:26:14","guid":{"rendered":"https:\/\/youngandpretty.com\/ve\/"},"modified":"2021-11-29T16:12:18","modified_gmt":"2021-11-30T00:12:18","slug":"ve","status":"publish","type":"page","link":"https:\/\/youngandpretty.com\/vi\/ve\/","title":{"rendered":"C\u00e1c v\u1ecb B\u00c1C S\u0128"},"content":{"rendered":"<h5 class=\"fusion-title title fusion-title-2 fusion-sep-none fusion-title-text fusion-title-size-five fusion-border-below-title\">V\u1ec1 B\u00e1c s\u0129 Nguy\u1ec5n H\u1ea3i Tu\u1ea5n<\/h5>\n<div class=\"fusion-text fusion-text-3\">\n<p>B\u00e1c s\u0129 Nguy\u1ec5n H\u1ea3i Tu\u1ea5n hay c\u00f2n \u0111\u01b0\u1ee3c b\u1ec7nh nh\u00e2n g\u1ecdi l\u00e0 B\u00e1c s\u0129 Tu\u1ea5n \u0111\u00e3 c\u00f3 h\u01a1n 18 n\u0103m kinh nghi\u1ec7m gi\u00fap b\u1ec7nh nh\u00e2n l\u00e0m \u0111\u1eb9p. B\u00e1c s\u0129 Nguy\u1ec5n H\u1ea3i Tu\u1ea5n l\u00e0 m\u1ed9t chuy\u00ean gia ph\u1eabu thu\u1eadt th\u1ea9m m\u1ef9 v\u00e0 b\u00e1c s\u0129 gi\u1ea3i ph\u1eabu t\u1ed5ng qu\u00e1t t\u1ea1i Trung t\u00e2m Ph\u1eabu thu\u1eadt Ngo\u1ea1i tr\u00fa Noble Care Outpatient Surgery Center \u0111\u01b0\u1ee3c c\u00f4ng nh\u1eadn b\u1edfi Joint Commission, t\u1ecda l\u1ea1c t\u1ea1i Westminster, California.<\/p>\n<p>B\u00e1c s\u0129 Tu\u1ea5n t\u1ed1t nghi\u1ec7p b\u1eb1ng c\u1eed nh\u00e2n t\u1ea1i \u0110\u1ea1i h\u1ecdc B\u00e1ch khoa Bang California (California State Polytechnic University) \u1edf Pomona, California, v\u00e0 t\u1ed1t nghi\u1ec7p b\u1eb1ng B\u00e1c s\u0129 Y khoa t\u1ea1i \u0110\u1ea1i h\u1ecdc Y khoa Kansas City University of Medicine and Biosciences (t\u00ean tr\u01b0\u1edbc \u0111\u00e2y l\u00e0 University of Health Science \u2013 College of Osteopathic Medicine) t\u1ea1i Th\u00e0nh ph\u1ed1 Kansas, Missouri.<\/p>\n<p>B\u00e1c s\u0129 Nguy\u1ec5n H\u1ea3i Tu\u1ea5n \u0111\u00e3 ho\u00e0n t\u1ea5t ch\u01b0\u01a1ng tr\u00ecnh n\u1ed9i tr\u00fa Gi\u1ea3i Ph\u1eabu T\u1ed5ng Qu\u00e1t t\u1ea1i Weill Medical College of Cornell University &#8211; Wyckoff Heights Medical Center \u1edf Brooklyn, New York. B\u00e1c s\u0129 Tu\u1ea5n \u0111\u01b0\u1ee3c \u0111\u00e0o t\u1ea1o th\u00eam v\u1ec1 ph\u1eabu thu\u1eadt \u0111\u1ea1i tr\u1ef1c tr\u00e0ng v\u00e0 v\u00fa t\u1eeb Trung t\u00e2m Ung th\u01b0 Memorial Sloan Kettering \u1edf th\u00e0nh ph\u1ed1 New York, v\u00e0 v\u1ec1 Gi\u1ea3i Ph\u1eabu Th\u1ea9m M\u1ef9 t\u1eeb H\u1ecdc vi\u1ec7n Ph\u1eabu thu\u1eadt Th\u1ea9m m\u1ef9 Hoa K\u1ef3 American Academy of Cosmetic Surgery.<\/p>\n<p>L\u00e0 m\u1ed9t b\u00e1c s\u0129 ph\u1eabu thu\u1eadt th\u1ea9m m\u1ef9 n\u1ed5i ti\u1ebfng, B\u00e1c s\u0129 Nguy\u1ec5n H\u1ea3i Tu\u1ea5n \u0111\u01b0\u1ee3c vinh danh l\u00e0 Chuy\u00ean gia xu\u1ea5t s\u1eafc n\u0103m 2002\/2003 c\u1ee7a C\u01a1 quan \u0111\u0103ng k\u00fd chuy\u00ean gia xu\u1ea5t s\u1eafc Hoa K\u1ef3 v\u00ec s\u1ef1 c\u1ed1ng hi\u1ebfn cho ngh\u1ec1 nghi\u1ec7p, kh\u1ea3 n\u0103ng l\u00e3nh \u0111\u1ea1o v\u00e0 th\u00e0nh c\u00f4ng c\u1ee7a \u00f4ng. L\u00e0 m\u1ed9t nh\u00e0 l\u00e3nh \u0111\u1ea1o s\u00e1ng t\u1ea1o trong l\u0129nh v\u1ef1c c\u1ee7a m\u00ecnh, B\u00e1c s\u0129 Nguy\u1ec5n H\u1ea3i Tu\u1ea5n lu\u00f4n tu\u00e2n th\u1ee7 c\u00e1c ti\u00eau chu\u1ea9n \u0111\u1ea1o \u0111\u1ee9c v\u00e0 ph\u1ea9m ch\u1ea5t cao nh\u1ea5t.<\/p>\n<p>Cho d\u00f9 b\u1ec7nh nh\u00e2n \u0111\u1ebfn \u0111\u1ec3 ph\u1eabu thu\u1eadt th\u1ea9m m\u1ef9 khu\u00f4n m\u1eb7t, c\u1ea5y t\u00f3c, ph\u1eabu thu\u1eadt n\u00e2ng ng\u1ef1c kh\u00f4ng s\u1eb9o, t\u1ea1o \u0111\u01b0\u1eddng n\u00e9t cong c\u01a1 th\u1ec3 \/ n\u00e2ng b\u01a1m \u0111\u1ed9n \/ thon g\u1ecdn \u0111\u01b0\u1eddng cong c\u01a1 th\u1ec3, li\u1ec7u ph\u00e1p tr\u1ebb h\u00f3a t\u1ebf b\u00e0o g\u1ed1c mang t\u00ednh c\u00e1ch m\u1ea1ng cho c\u1ea3 nam v\u00e0 n\u1eef, B\u00e1c s\u0129 Tu\u1ea5n lu\u00f4n g\u1eafng s\u1ee9c gi\u00fap \u0111\u01b0\u01a1ng s\u1ef1 \u0111\u1ea1t \u0111\u01b0\u1ee3c k\u1ebft qu\u1ea3 tr\u00ean mong mu\u1ed1n.<\/p>\n<\/div>\n","protected":false},"excerpt":{"rendered":"<p>V\u1ec1 B\u00e1c s\u0129 Nguy\u1ec5n H\u1ea3i Tu\u1ea5n B\u00e1c s\u0129 Nguy\u1ec5n H\u1ea3i [&hellip;]<\/p>\n","protected":false},"author":1,"featured_media":0,"parent":0,"menu_order":0,"comment_status":"closed","ping_status":"closed","template":"","meta":{"footnotes":""},"class_list":["post-1405","page","type-page","status-publish","hentry"],"_links":{"self":[{"href":"https:\/\/youngandpretty.com\/vi\/wp-json\/wp\/v2\/pages\/1405","targetHints":{"allow":["GET"]}}],"collection":[{"href":"https:\/\/youngandpretty.com\/vi\/wp-json\/wp\/v2\/pages"}],"about":[{"href":"https:\/\/youngandpretty.com\/vi\/wp-json\/wp\/v2\/types\/page"}],"author":[{"embeddable":true,"href":"https:\/\/youngandpretty.com\/vi\/wp-json\/wp\/v2\/users\/1"}],"replies":[{"embeddable":true,"href":"https:\/\/youngandpretty.com\/vi\/wp-json\/wp\/v2\/comments?post=1405"}],"version-history":[{"count":2,"href":"https:\/\/youngandpretty.com\/vi\/wp-json\/wp\/v2\/pages\/1405\/revisions"}],"predecessor-version":[{"id":2198,"href":"https:\/\/youngandpretty.com\/vi\/wp-json\/wp\/v2\/pages\/1405\/revisions\/2198"}],"wp:attachment":[{"href":"https:\/\/youngandpretty.com\/vi\/wp-json\/wp\/v2\/media?parent=1405"}],"curies":[{"name":"wp","href":"https:\/\/api.w.org\/{rel}","templated":true}]}}