{"id":2794,"date":"2025-02-27T11:29:59","date_gmt":"2025-02-27T19:29:59","guid":{"rendered":"https:\/\/youngandpretty.com\/nach-tuck\/"},"modified":"2025-02-27T11:29:59","modified_gmt":"2025-02-27T19:29:59","slug":"nach-tuck","status":"publish","type":"page","link":"https:\/\/youngandpretty.com\/vi\/nach-tuck\/","title":{"rendered":"N\u00e1ch-Tuck"},"content":{"rendered":"<div class=\"fusion-fullwidth fullwidth-box fusion-builder-row-1 fusion-flex-container nonhundred-percent-fullwidth non-hundred-percent-height-scrolling\" style=\"background-color: rgba(255,255,255,0);background-position: center center;background-repeat: no-repeat;border-width: 0px 0px 0px 0px;border-color:#e2e2e2;border-style:solid;\" ><div class=\"fusion-builder-row fusion-row fusion-flex-align-items-flex-start\" style=\"max-width:1248px;margin-left: calc(-4% \/ 2 );margin-right: calc(-4% \/ 2 );\"><div class=\"fusion-layout-column fusion_builder_column fusion-builder-column-0 fusion_builder_column_1_1 1_1 fusion-flex-column\"><div class=\"fusion-column-wrapper fusion-flex-justify-content-flex-start fusion-content-layout-column fusion-content-nowrap\" style=\"background-position:left top;background-repeat:no-repeat;-webkit-background-size:cover;-moz-background-size:cover;-o-background-size:cover;background-size:cover;padding: 0px 0px 0px 0px;\"><style type=\"text\/css\">@media only screen and (max-width:1024px) {.fusion-title.fusion-title-1{margin-top:10px!important; margin-right:0px!important;margin-bottom:15px!important;margin-left:0px!important;}}@media only screen and (max-width:640px) {.fusion-title.fusion-title-1{margin-top:10px!important; margin-right:0px!important;margin-bottom:10px!important; margin-left:0px!important;}}<\/style><div class=\"fusion-title title fusion-title-1 fusion-title-center fusion-title-text fusion-title-size-three\" style=\"margin-top:10px;margin-right:0px;margin-bottom:15px;margin-left:0px;\"><div class=\"title-sep-container title-sep-container-left\"><div class=\"title-sep sep-double sep-solid\" style=\"border-color:#e2e2e2;\"><\/div><\/div><span class=\"awb-title-spacer\"><\/span><h3 class=\"title-heading-center\" style=\"margin:0;\"><span style=\"color: #009999;\"><strong>C\u0102NG DA N\u00c1CH<\/strong><\/span><\/h3><span class=\"awb-title-spacer\"><\/span><div class=\"title-sep-container title-sep-container-right\"><div class=\"title-sep sep-double sep-solid\" style=\"border-color:#e2e2e2;\"><\/div><\/div><\/div><div class=\"fusion-text fusion-text-1\"><p style=\"text-align: left;\">Ph\u1eabu thu\u1eadt c\u0103ng da n\u00e1ch l\u00e0 \u0111\u1ec3 lo\u1ea1i b\u1ecf ph\u1ea7n da v\u00e0 m\u1ee1 th\u1eeba \u1edf n\u00e1ch.<\/p>\n<p><img decoding=\"async\" class=\"aligncenter size-full wp-image-2719\" src=\"https:\/\/youngandpretty.com\/wp-content\/uploads\/2025\/02\/018_NCOSC_EnEsVN_Axillary-Tuck2003A_1Title.jpg\" alt=\"\" width=\"600\" height=\"74\" srcset=\"https:\/\/youngandpretty.com\/wp-content\/uploads\/2025\/02\/018_NCOSC_EnEsVN_Axillary-Tuck2003A_1Title-200x25.jpg 200w, https:\/\/youngandpretty.com\/wp-content\/uploads\/2025\/02\/018_NCOSC_EnEsVN_Axillary-Tuck2003A_1Title-300x37.jpg 300w, https:\/\/youngandpretty.com\/wp-content\/uploads\/2025\/02\/018_NCOSC_EnEsVN_Axillary-Tuck2003A_1Title-400x49.jpg 400w, https:\/\/youngandpretty.com\/wp-content\/uploads\/2025\/02\/018_NCOSC_EnEsVN_Axillary-Tuck2003A_1Title.jpg 600w\" sizes=\"(max-width: 600px) 100vw, 600px\" \/><\/p>\n<p><img decoding=\"async\" class=\"aligncenter size-full wp-image-2722\" src=\"https:\/\/youngandpretty.com\/wp-content\/uploads\/2025\/02\/018_NCOSC_EnEsVN_Axillary-Tuck2003A_2Before-After.jpg\" alt=\"\" width=\"600\" height=\"25\" srcset=\"https:\/\/youngandpretty.com\/wp-content\/uploads\/2025\/02\/018_NCOSC_EnEsVN_Axillary-Tuck2003A_2Before-After-200x8.jpg 200w, https:\/\/youngandpretty.com\/wp-content\/uploads\/2025\/02\/018_NCOSC_EnEsVN_Axillary-Tuck2003A_2Before-After-300x13.jpg 300w, https:\/\/youngandpretty.com\/wp-content\/uploads\/2025\/02\/018_NCOSC_EnEsVN_Axillary-Tuck2003A_2Before-After-400x17.jpg 400w, https:\/\/youngandpretty.com\/wp-content\/uploads\/2025\/02\/018_NCOSC_EnEsVN_Axillary-Tuck2003A_2Before-After.jpg 600w\" sizes=\"(max-width: 600px) 100vw, 600px\" \/><br \/>\n<img decoding=\"async\" class=\"aligncenter size-full wp-image-2725\" src=\"https:\/\/youngandpretty.com\/wp-content\/uploads\/2025\/02\/018_NCOSC_EnEsVN_Axillary-Tuck2003A_3.jpg\" alt=\"\" width=\"600\" height=\"327\" srcset=\"https:\/\/youngandpretty.com\/wp-content\/uploads\/2025\/02\/018_NCOSC_EnEsVN_Axillary-Tuck2003A_3-200x109.jpg 200w, https:\/\/youngandpretty.com\/wp-content\/uploads\/2025\/02\/018_NCOSC_EnEsVN_Axillary-Tuck2003A_3-300x164.jpg 300w, https:\/\/youngandpretty.com\/wp-content\/uploads\/2025\/02\/018_NCOSC_EnEsVN_Axillary-Tuck2003A_3-400x218.jpg 400w, https:\/\/youngandpretty.com\/wp-content\/uploads\/2025\/02\/018_NCOSC_EnEsVN_Axillary-Tuck2003A_3.jpg 600w\" sizes=\"(max-width: 600px) 100vw, 600px\" \/><\/p>\n<p><img decoding=\"async\" class=\"aligncenter size-full wp-image-2722\" src=\"https:\/\/youngandpretty.com\/wp-content\/uploads\/2025\/02\/018_NCOSC_EnEsVN_Axillary-Tuck2003A_2Before-After.jpg\" alt=\"\" width=\"600\" height=\"25\" srcset=\"https:\/\/youngandpretty.com\/wp-content\/uploads\/2025\/02\/018_NCOSC_EnEsVN_Axillary-Tuck2003A_2Before-After-200x8.jpg 200w, https:\/\/youngandpretty.com\/wp-content\/uploads\/2025\/02\/018_NCOSC_EnEsVN_Axillary-Tuck2003A_2Before-After-300x13.jpg 300w, https:\/\/youngandpretty.com\/wp-content\/uploads\/2025\/02\/018_NCOSC_EnEsVN_Axillary-Tuck2003A_2Before-After-400x17.jpg 400w, https:\/\/youngandpretty.com\/wp-content\/uploads\/2025\/02\/018_NCOSC_EnEsVN_Axillary-Tuck2003A_2Before-After.jpg 600w\" sizes=\"(max-width: 600px) 100vw, 600px\" \/><br \/>\n<img decoding=\"async\" class=\"aligncenter size-full wp-image-2728\" src=\"https:\/\/youngandpretty.com\/wp-content\/uploads\/2025\/02\/018_NCOSC_EnEsVN_Axillary-Tuck2003A_4.jpg\" alt=\"\" width=\"600\" height=\"328\" srcset=\"https:\/\/youngandpretty.com\/wp-content\/uploads\/2025\/02\/018_NCOSC_EnEsVN_Axillary-Tuck2003A_4-200x109.jpg 200w, https:\/\/youngandpretty.com\/wp-content\/uploads\/2025\/02\/018_NCOSC_EnEsVN_Axillary-Tuck2003A_4-300x164.jpg 300w, https:\/\/youngandpretty.com\/wp-content\/uploads\/2025\/02\/018_NCOSC_EnEsVN_Axillary-Tuck2003A_4-400x219.jpg 400w, https:\/\/youngandpretty.com\/wp-content\/uploads\/2025\/02\/018_NCOSC_EnEsVN_Axillary-Tuck2003A_4.jpg 600w\" sizes=\"(max-width: 600px) 100vw, 600px\" \/><\/p>\n<\/div><div class=\"fusion-separator fusion-full-width-sep\" style=\"align-self: center;margin-left: auto;margin-right: auto;width:100%;\"><div class=\"fusion-separator-border sep-double\" style=\"border-color:#e2e2e2;border-top-width:1px;border-bottom-width:1px;\"><\/div><\/div><\/div><style type=\"text\/css\">.fusion-body .fusion-builder-column-0{width:100% !important;margin-top : 0px;margin-bottom : 0px;}.fusion-builder-column-0 > .fusion-column-wrapper {padding-top : 0px !important;padding-right : 0px !important;margin-right : 1.92%;padding-bottom : 0px !important;padding-left : 0px !important;margin-left : 1.92%;}@media only screen and (max-width:1024px) {.fusion-body .fusion-builder-column-0{width:100% !important;order : 0;}.fusion-builder-column-0 > .fusion-column-wrapper {margin-right : 1.92%;margin-left : 1.92%;}}@media only screen and (max-width:640px) {.fusion-body .fusion-builder-column-0{width:100% !important;order : 0;}.fusion-builder-column-0 > .fusion-column-wrapper {margin-right : 1.92%;margin-left : 1.92%;}}<\/style><\/div><\/div><style type=\"text\/css\">.fusion-body .fusion-flex-container.fusion-builder-row-1{ padding-top : 0px;margin-top : 0px;padding-right : 0px;padding-bottom : 0px;margin-bottom : 0px;padding-left : 0px;}<\/style><\/div>\n","protected":false},"excerpt":{"rendered":"","protected":false},"author":3,"featured_media":0,"parent":0,"menu_order":0,"comment_status":"closed","ping_status":"closed","template":"","meta":{"footnotes":""},"class_list":["post-2794","page","type-page","status-publish","hentry"],"_links":{"self":[{"href":"https:\/\/youngandpretty.com\/vi\/wp-json\/wp\/v2\/pages\/2794","targetHints":{"allow":["GET"]}}],"collection":[{"href":"https:\/\/youngandpretty.com\/vi\/wp-json\/wp\/v2\/pages"}],"about":[{"href":"https:\/\/youngandpretty.com\/vi\/wp-json\/wp\/v2\/types\/page"}],"author":[{"embeddable":true,"href":"https:\/\/youngandpretty.com\/vi\/wp-json\/wp\/v2\/users\/3"}],"replies":[{"embeddable":true,"href":"https:\/\/youngandpretty.com\/vi\/wp-json\/wp\/v2\/comments?post=2794"}],"version-history":[{"count":2,"href":"https:\/\/youngandpretty.com\/vi\/wp-json\/wp\/v2\/pages\/2794\/revisions"}],"predecessor-version":[{"id":2797,"href":"https:\/\/youngandpretty.com\/vi\/wp-json\/wp\/v2\/pages\/2794\/revisions\/2797"}],"wp:attachment":[{"href":"https:\/\/youngandpretty.com\/vi\/wp-json\/wp\/v2\/media?parent=2794"}],"curies":[{"name":"wp","href":"https:\/\/api.w.org\/{rel}","templated":true}]}}